{"id":1326,"date":"2022-02-24T05:04:17","date_gmt":"2022-02-24T05:04:17","guid":{"rendered":"https:\/\/chamanismoterapeutico.com\/index.php\/services\/"},"modified":"2023-08-28T08:15:03","modified_gmt":"2023-08-28T08:15:03","slug":"services","status":"publish","type":"page","link":"https:\/\/chamanismoterapeutico.com\/index.php\/services\/","title":{"rendered":"Servicios"},"content":{"rendered":"\n<div class=\"wp-block-uagb-container uagb-block-292d5f12 alignfull uagb-is-root-container\"><div class=\"uagb-container-inner-blocks-wrap\">\n<div class=\"wp-block-uagb-advanced-heading uagb-block-a10d599e\"><h2 class=\"uagb-heading-text\"> Si has llegado hasta aqu\u00ed es porque probablemente est\u00e1s valorando evolucionar <strong>aplicando el chamanismo en tu vida y en tu labor profesional<\/strong> con nuestros cursos y servicios.<\/h2><\/div>\n<\/div><\/div>\n\n\n\n<div class=\"wp-block-uagb-container uagb-block-c781034d alignfull uagb-is-root-container\"><div class=\"uagb-container-inner-blocks-wrap\">\n<div class=\"wp-block-uagb-container uagb-block-7209d7fa\">\n<div class=\"wp-block-uagb-image aligncenter uagb-block-e87fdd20 wp-block-uagb-image--layout-default wp-block-uagb-image--effect-static wp-block-uagb-image--align-center alignright\"><figure class=\"wp-block-uagb-image__figure\"><img decoding=\"async\" srcset=\"https:\/\/chamanismoterapeutico.com\/wp-content\/uploads\/2023\/07\/Tu-chaman-interior.jpg ,https:\/\/chamanismoterapeutico.com\/wp-content\/uploads\/2021\/11\/service-1.jpg 780w, https:\/\/chamanismoterapeutico.com\/wp-content\/uploads\/2023\/07\/Tu-chaman-interior.jpg 360w\" sizes=\"auto, (max-width: 480px) 150px\" src=\"https:\/\/chamanismoterapeutico.com\/wp-content\/uploads\/2023\/07\/Tu-chaman-interior.jpg\" alt=\"Descubrir mi cham\u00e1n interior\" class=\"uag-image-2252\" width=\"370\" height=\"500\" title=\"\" loading=\"lazy\"\/><\/figure><\/div>\n<\/div>\n\n\n\n<div class=\"wp-block-uagb-container uagb-block-126cc052\">\n<div class=\"wp-block-uagb-info-box uagb-block-760faeb2 uagb-infobox__content-wrap  uagb-infobox-icon-above-title uagb-infobox-image-valign-top\"><div class=\"uagb-ifb-content\"><div class=\"uagb-ifb-title-wrap\"><h4 class=\"uagb-ifb-title\"><strong>Descubre tu cham\u00e1n interior<\/strong><\/h4><\/div><p class=\"uagb-ifb-desc\">En el programa personalizado recibir\u00e1s la&nbsp;<strong>Ense\u00f1anza inici\u00e1tica cham\u00e1nica y los Ritos Munay Ki<\/strong>, 10 ritos de iniciaci\u00f3n cham\u00e1nica de la tradici\u00f3n andina y amaz\u00f3nica para elevar tu potencial. &nbsp;Adem\u00e1s recibir\u00e1s el&nbsp;<strong>paso a paso para aplicar estas t\u00e9cnicas<\/strong>&nbsp;en tu vida y c\u00f3mo transmitirlo a m\u00e1s personas.<br><\/p><\/div><\/div>\n\n\n\n<div class=\"wp-block-uagb-info-box uagb-block-28a2f5e6 uagb-infobox__content-wrap  uagb-infobox-icon-above-title uagb-infobox-image-valign-top\"><div class=\"uagb-ifb-content\"><div class=\"uagb-ifb-title-wrap\"><\/div><div class=\"uagb-ifb-button-wrapper wp-block-button\"><a href=\"#\" class=\"uagb-infobox-cta-link wp-block-button__link\" target=\"_self\" rel=\"noopener noreferrer\" onclick=\"return false;\" alt=\"\"><span class=\"uagb-inline-editing\">Quiero descubrirlo<\/span><\/a><\/div><\/div><\/div>\n<\/div>\n<\/div><\/div>\n\n\n\n<div class=\"wp-block-uagb-container uagb-block-a834ad83 alignfull uagb-is-root-container\"><div class=\"uagb-container-inner-blocks-wrap\">\n<div class=\"wp-block-uagb-container uagb-block-6d16e2a8\">\n<div class=\"wp-block-uagb-image aligncenter uagb-block-3974ab54 wp-block-uagb-image--layout-default wp-block-uagb-image--effect-static wp-block-uagb-image--align-center alignright\"><figure class=\"wp-block-uagb-image__figure\"><img decoding=\"async\" srcset=\"https:\/\/chamanismoterapeutico.com\/wp-content\/uploads\/2023\/07\/Altar-chamanico.jpg ,https:\/\/chamanismoterapeutico.com\/wp-content\/uploads\/2021\/11\/service-1.jpg 780w, https:\/\/chamanismoterapeutico.com\/wp-content\/uploads\/2023\/07\/Altar-chamanico.jpg 360w\" sizes=\"auto, (max-width: 480px) 150px\" src=\"https:\/\/chamanismoterapeutico.com\/wp-content\/uploads\/2023\/07\/Altar-chamanico.jpg\" alt=\"Crea tu altar cham\u00e1nico\" class=\"uag-image-2234\" width=\"370\" height=\"500\" title=\"\" loading=\"lazy\"\/><\/figure><\/div>\n<\/div>\n\n\n\n<div class=\"wp-block-uagb-container uagb-block-e7176813\">\n<div class=\"wp-block-uagb-info-box uagb-block-f1a9b252 uagb-infobox__content-wrap  uagb-infobox-icon-above-title uagb-infobox-image-valign-top\"><div class=\"uagb-ifb-content\"><div class=\"uagb-ifb-title-wrap\"><h4 class=\"uagb-ifb-title\"> <strong>C\u00f3mo crear tu altar cham\u00e1nico<\/strong><\/h4><\/div><p class=\"uagb-ifb-desc\">En este curso aprender\u00e1s c\u00f3mo crear y activar tu propio altar cham\u00e1nico con las cuatro puertas de las <strong>cuatro direcciones de la tradici\u00f3n andina y amaz\u00f3nica<\/strong>. Tambi\u00e9n recibir\u00e1s el m\u00e9todo para<strong> crear un espacio sagrado<\/strong> en tu hogar o en tu lugar de trabajo.<br><br><\/p><\/div><\/div>\n\n\n\n<div class=\"wp-block-uagb-info-box uagb-block-7115de05 uagb-infobox__content-wrap  uagb-infobox-icon-above-title uagb-infobox-image-valign-top\"><div class=\"uagb-ifb-content\"><div class=\"uagb-ifb-title-wrap\"><\/div><div class=\"uagb-ifb-button-wrapper wp-block-button\"><a href=\"#\" class=\"uagb-infobox-cta-link wp-block-button__link\" target=\"_self\" rel=\"noopener noreferrer\" onclick=\"return false;\" alt=\"\"><span class=\"uagb-inline-editing\">Quiero crear mi altar<\/span><\/a><\/div><\/div><\/div>\n<\/div>\n<\/div><\/div>\n\n\n\n<div class=\"wp-block-uagb-container uagb-block-63bf9fa5 alignfull uagb-is-root-container\"><div class=\"uagb-container-inner-blocks-wrap\">\n<div class=\"wp-block-uagb-container uagb-block-479e175c\">\n<div class=\"wp-block-uagb-image aligncenter uagb-block-5366fb1e wp-block-uagb-image--layout-default wp-block-uagb-image--effect-static wp-block-uagb-image--align-center alignright\"><figure class=\"wp-block-uagb-image__figure\"><img decoding=\"async\" srcset=\"https:\/\/chamanismoterapeutico.com\/wp-content\/uploads\/2023\/07\/Animales-de-poder.jpg ,https:\/\/chamanismoterapeutico.com\/wp-content\/uploads\/2021\/11\/service-1.jpg 780w, https:\/\/chamanismoterapeutico.com\/wp-content\/uploads\/2023\/07\/Animales-de-poder.jpg 360w\" sizes=\"auto, (max-width: 480px) 150px\" src=\"https:\/\/chamanismoterapeutico.com\/wp-content\/uploads\/2023\/07\/Animales-de-poder.jpg\" alt=\"C\u00f3mo descubrir mi animal de poder\" class=\"uag-image-2233\" width=\"370\" height=\"500\" title=\"\" loading=\"lazy\"\/><\/figure><\/div>\n<\/div>\n\n\n\n<div class=\"wp-block-uagb-container uagb-block-03b131e2\">\n<div class=\"wp-block-uagb-info-box uagb-block-cd6f71d0 uagb-infobox__content-wrap  uagb-infobox-icon-above-title uagb-infobox-image-valign-top\"><div class=\"uagb-ifb-content\"><div class=\"uagb-ifb-title-wrap\"><h4 class=\"uagb-ifb-title\"><strong>Conecta con tu animal de poder<\/strong><\/h4><\/div><p class=\"uagb-ifb-desc\">Aqu\u00ed vas a aprender todo lo necesario para conectar con tu animal de poder y c\u00f3mo<strong> aplicar su ense\u00f1anza en tu vida y en tu trabajo<\/strong>. &nbsp;Adem\u00e1s vas a recibir el m\u00e9todo para activar los t\u00f3tems cham\u00e1nicos de los animales de poder<strong> <\/strong>y la forma m\u00e1s efectiva de utilizar este conocimiento ancestral en tu vida, tus proyectos y tus relaciones. <strong>Te adelantamos algo<\/strong>: tu animal de poder est\u00e1 deseando comunicarse contigo, s\u00f3lo hay que saber c\u00f3mo hacerlo y esta es una de las cosas que aprender\u00e1s en este curso.<br><br><\/p><\/div><\/div>\n\n\n\n<div class=\"wp-block-uagb-info-box uagb-block-b90a2894 uagb-infobox__content-wrap  uagb-infobox-icon-above-title uagb-infobox-image-valign-top\"><div class=\"uagb-ifb-content\"><div class=\"uagb-ifb-title-wrap\"><\/div><div class=\"uagb-ifb-button-wrapper wp-block-button\"><a href=\"#\" class=\"uagb-infobox-cta-link wp-block-button__link\" target=\"_self\" rel=\"noopener noreferrer\" onclick=\"return false;\" alt=\"\"><span class=\"uagb-inline-editing\">Quiero conectar con mi animal de poder<\/span><\/a><\/div><\/div><\/div>\n<\/div>\n<\/div><\/div>\n\n\n\n<div class=\"wp-block-uagb-container uagb-block-274af655 alignfull uagb-is-root-container\"><div class=\"uagb-container-inner-blocks-wrap\">\n<div class=\"wp-block-uagb-container uagb-block-73cdc8e3\">\n<h2 class=\"wp-block-heading\"><strong>Si est\u00e1s intentando entrar, ver\u00e1s que no hay enlaces.<\/strong><\/h2>\n<\/div>\n\n\n\n<div class=\"wp-block-uagb-container uagb-block-24296037\">\n<p class=\"has-medium-font-size\">Eso es porque nuestros cursos y servicios solo los ofrecemos a nuestra comunidad a trav\u00e9s de la lista de correo.<\/p>\n\n\n\n<p class=\"has-medium-font-size\">Si te interesa, puedes apuntarte aqu\u00ed abajo.<\/p>\n\n\n\n<div class=\"wp-block-uagb-buttons uagb-buttons__outer-wrap uagb-btn__default-btn uagb-btn-tablet__default-btn uagb-btn-mobile__default-btn uagb-block-69ffd358\"><div class=\"uagb-buttons__wrap uagb-buttons-layout-wrap\">\n<div class=\"wp-block-uagb-buttons-child uagb-buttons__outer-wrap uagb-block-f8c7ca68 wp-block-button is-style-outline\"><div class=\"uagb-button__wrapper\"><a class=\"uagb-buttons-repeater wp-block-button__link\" href=\"https:\/\/chamanismoterapeutico.ipzmarketing.com\/f\/uHRU-ep9sbE\" onclick=\"return true;\" rel=\"follow noopener\" target=\"_self\"><div class=\"uagb-button__link\">Me suscribo<\/div><\/a><\/div><\/div>\n<\/div><\/div>\n<\/div>\n<\/div><\/div>\n","protected":false},"excerpt":{"rendered":"<p>Si has llegado hasta aqu\u00ed es porque probablemente est\u00e1s valorando evolucionar aplicando el chamanismo en tu vida y en tu labor profesional con nuestros cursos y servicios. Si est\u00e1s intentando entrar, ver\u00e1s que no hay enlaces. Eso es porque nuestros cursos y servicios solo los ofrecemos a nuestra comunidad a trav\u00e9s de la lista de &hellip;<\/p>\n<p class=\"read-more\"> <a class=\"\" href=\"https:\/\/chamanismoterapeutico.com\/index.php\/services\/\"> <span class=\"screen-reader-text\">Servicios<\/span> Leer m\u00e1s &raquo;<\/a><\/p>\n","protected":false},"author":1,"featured_media":0,"parent":0,"menu_order":0,"comment_status":"closed","ping_status":"closed","template":"","meta":{"_uag_custom_page_level_css":"","site-sidebar-layout":"no-sidebar","site-content-layout":"page-builder","ast-global-header-display":"","ast-banner-title-visibility":"","ast-main-header-display":"","ast-hfb-above-header-display":"","ast-hfb-below-header-display":"","ast-hfb-mobile-header-display":"","site-post-title":"disabled","ast-breadcrumbs-content":"","ast-featured-img":"disabled","footer-sml-layout":"","theme-transparent-header-meta":"enabled","adv-header-id-meta":"","stick-header-meta":"","header-above-stick-meta":"","header-main-stick-meta":"","header-below-stick-meta":"","footnotes":""},"class_list":["post-1326","page","type-page","status-publish","hentry"],"yoast_head":"<!-- This site is optimized with the Yoast SEO plugin v24.4 - https:\/\/yoast.com\/wordpress\/plugins\/seo\/ -->\n<title>Servicios - Chamanismo Terap&eacute;utico<\/title>\n<meta name=\"robots\" content=\"index, follow, max-snippet:-1, max-image-preview:large, max-video-preview:-1\" \/>\n<link rel=\"canonical\" href=\"https:\/\/chamanismoterapeutico.com\/index.php\/services\/\" \/>\n<meta property=\"og:locale\" content=\"es_ES\" \/>\n<meta property=\"og:type\" content=\"article\" \/>\n<meta property=\"og:title\" content=\"Servicios - Chamanismo Terap&eacute;utico\" \/>\n<meta property=\"og:description\" content=\"Si has llegado hasta aqu\u00ed es porque probablemente est\u00e1s valorando evolucionar aplicando el chamanismo en tu vida y en tu labor profesional con nuestros cursos y servicios. Si est\u00e1s intentando entrar, ver\u00e1s que no hay enlaces. Eso es porque nuestros cursos y servicios solo los ofrecemos a nuestra comunidad a trav\u00e9s de la lista de &hellip; Servicios Leer m\u00e1s &raquo;\" \/>\n<meta property=\"og:url\" content=\"https:\/\/chamanismoterapeutico.com\/index.php\/services\/\" \/>\n<meta property=\"og:site_name\" content=\"Chamanismo Terap&eacute;utico\" \/>\n<meta property=\"article:modified_time\" content=\"2023-08-28T08:15:03+00:00\" \/>\n<meta property=\"og:image\" content=\"https:\/\/chamanismoterapeutico.com\/wp-content\/uploads\/2023\/07\/Tu-chaman-interior.jpg\" \/>\n<meta name=\"twitter:card\" content=\"summary_large_image\" \/>\n<meta name=\"twitter:label1\" content=\"Tiempo de lectura\" \/>\n\t<meta name=\"twitter:data1\" content=\"2 minutos\" \/>\n<script type=\"application\/ld+json\" class=\"yoast-schema-graph\">{\"@context\":\"https:\/\/schema.org\",\"@graph\":[{\"@type\":\"WebPage\",\"@id\":\"https:\/\/chamanismoterapeutico.com\/index.php\/services\/\",\"url\":\"https:\/\/chamanismoterapeutico.com\/index.php\/services\/\",\"name\":\"Servicios - Chamanismo Terap&eacute;utico\",\"isPartOf\":{\"@id\":\"https:\/\/chamanismoterapeutico.com\/#website\"},\"primaryImageOfPage\":{\"@id\":\"https:\/\/chamanismoterapeutico.com\/index.php\/services\/#primaryimage\"},\"image\":{\"@id\":\"https:\/\/chamanismoterapeutico.com\/index.php\/services\/#primaryimage\"},\"thumbnailUrl\":\"https:\/\/chamanismoterapeutico.com\/wp-content\/uploads\/2023\/07\/Tu-chaman-interior.jpg\",\"datePublished\":\"2022-02-24T05:04:17+00:00\",\"dateModified\":\"2023-08-28T08:15:03+00:00\",\"breadcrumb\":{\"@id\":\"https:\/\/chamanismoterapeutico.com\/index.php\/services\/#breadcrumb\"},\"inLanguage\":\"es\",\"potentialAction\":[{\"@type\":\"ReadAction\",\"target\":[\"https:\/\/chamanismoterapeutico.com\/index.php\/services\/\"]}]},{\"@type\":\"ImageObject\",\"inLanguage\":\"es\",\"@id\":\"https:\/\/chamanismoterapeutico.com\/index.php\/services\/#primaryimage\",\"url\":\"https:\/\/chamanismoterapeutico.com\/wp-content\/uploads\/2023\/07\/Tu-chaman-interior.jpg\",\"contentUrl\":\"https:\/\/chamanismoterapeutico.com\/wp-content\/uploads\/2023\/07\/Tu-chaman-interior.jpg\",\"width\":370,\"height\":500,\"caption\":\"Descubrir mi cham\u00e1n interior\"},{\"@type\":\"BreadcrumbList\",\"@id\":\"https:\/\/chamanismoterapeutico.com\/index.php\/services\/#breadcrumb\",\"itemListElement\":[{\"@type\":\"ListItem\",\"position\":1,\"name\":\"Portada\",\"item\":\"https:\/\/chamanismoterapeutico.com\/\"},{\"@type\":\"ListItem\",\"position\":2,\"name\":\"Servicios\"}]},{\"@type\":\"WebSite\",\"@id\":\"https:\/\/chamanismoterapeutico.com\/#website\",\"url\":\"https:\/\/chamanismoterapeutico.com\/\",\"name\":\"Chamanismo Terap&eacute;utico\",\"description\":\" Recuerda quien eres gracias a tu cham\u00e1n interior \",\"publisher\":{\"@id\":\"https:\/\/chamanismoterapeutico.com\/#organization\"},\"potentialAction\":[{\"@type\":\"SearchAction\",\"target\":{\"@type\":\"EntryPoint\",\"urlTemplate\":\"https:\/\/chamanismoterapeutico.com\/?s={search_term_string}\"},\"query-input\":{\"@type\":\"PropertyValueSpecification\",\"valueRequired\":true,\"valueName\":\"search_term_string\"}}],\"inLanguage\":\"es\"},{\"@type\":\"Organization\",\"@id\":\"https:\/\/chamanismoterapeutico.com\/#organization\",\"name\":\"Chamanismo Terap&eacute;utico\",\"url\":\"https:\/\/chamanismoterapeutico.com\/\",\"logo\":{\"@type\":\"ImageObject\",\"inLanguage\":\"es\",\"@id\":\"https:\/\/chamanismoterapeutico.com\/#\/schema\/logo\/image\/\",\"url\":\"https:\/\/chamanismoterapeutico.com\/wp-content\/uploads\/2023\/05\/cropped-3.png\",\"contentUrl\":\"https:\/\/chamanismoterapeutico.com\/wp-content\/uploads\/2023\/05\/cropped-3.png\",\"width\":500,\"height\":167,\"caption\":\"Chamanismo Terap&eacute;utico \"},\"image\":{\"@id\":\"https:\/\/chamanismoterapeutico.com\/#\/schema\/logo\/image\/\"}}]}<\/script>\n<!-- \/ Yoast SEO plugin. -->","yoast_head_json":{"title":"Servicios - Chamanismo Terap&eacute;utico","robots":{"index":"index","follow":"follow","max-snippet":"max-snippet:-1","max-image-preview":"max-image-preview:large","max-video-preview":"max-video-preview:-1"},"canonical":"https:\/\/chamanismoterapeutico.com\/index.php\/services\/","og_locale":"es_ES","og_type":"article","og_title":"Servicios - Chamanismo Terap&eacute;utico","og_description":"Si has llegado hasta aqu\u00ed es porque probablemente est\u00e1s valorando evolucionar aplicando el chamanismo en tu vida y en tu labor profesional con nuestros cursos y servicios. Si est\u00e1s intentando entrar, ver\u00e1s que no hay enlaces. Eso es porque nuestros cursos y servicios solo los ofrecemos a nuestra comunidad a trav\u00e9s de la lista de &hellip; Servicios Leer m\u00e1s &raquo;","og_url":"https:\/\/chamanismoterapeutico.com\/index.php\/services\/","og_site_name":"Chamanismo Terap&eacute;utico","article_modified_time":"2023-08-28T08:15:03+00:00","og_image":[{"url":"https:\/\/chamanismoterapeutico.com\/wp-content\/uploads\/2023\/07\/Tu-chaman-interior.jpg","type":"","width":"","height":""}],"twitter_card":"summary_large_image","twitter_misc":{"Tiempo de lectura":"2 minutos"},"schema":{"@context":"https:\/\/schema.org","@graph":[{"@type":"WebPage","@id":"https:\/\/chamanismoterapeutico.com\/index.php\/services\/","url":"https:\/\/chamanismoterapeutico.com\/index.php\/services\/","name":"Servicios - Chamanismo Terap&eacute;utico","isPartOf":{"@id":"https:\/\/chamanismoterapeutico.com\/#website"},"primaryImageOfPage":{"@id":"https:\/\/chamanismoterapeutico.com\/index.php\/services\/#primaryimage"},"image":{"@id":"https:\/\/chamanismoterapeutico.com\/index.php\/services\/#primaryimage"},"thumbnailUrl":"https:\/\/chamanismoterapeutico.com\/wp-content\/uploads\/2023\/07\/Tu-chaman-interior.jpg","datePublished":"2022-02-24T05:04:17+00:00","dateModified":"2023-08-28T08:15:03+00:00","breadcrumb":{"@id":"https:\/\/chamanismoterapeutico.com\/index.php\/services\/#breadcrumb"},"inLanguage":"es","potentialAction":[{"@type":"ReadAction","target":["https:\/\/chamanismoterapeutico.com\/index.php\/services\/"]}]},{"@type":"ImageObject","inLanguage":"es","@id":"https:\/\/chamanismoterapeutico.com\/index.php\/services\/#primaryimage","url":"https:\/\/chamanismoterapeutico.com\/wp-content\/uploads\/2023\/07\/Tu-chaman-interior.jpg","contentUrl":"https:\/\/chamanismoterapeutico.com\/wp-content\/uploads\/2023\/07\/Tu-chaman-interior.jpg","width":370,"height":500,"caption":"Descubrir mi cham\u00e1n interior"},{"@type":"BreadcrumbList","@id":"https:\/\/chamanismoterapeutico.com\/index.php\/services\/#breadcrumb","itemListElement":[{"@type":"ListItem","position":1,"name":"Portada","item":"https:\/\/chamanismoterapeutico.com\/"},{"@type":"ListItem","position":2,"name":"Servicios"}]},{"@type":"WebSite","@id":"https:\/\/chamanismoterapeutico.com\/#website","url":"https:\/\/chamanismoterapeutico.com\/","name":"Chamanismo Terap&eacute;utico","description":" Recuerda quien eres gracias a tu cham\u00e1n interior ","publisher":{"@id":"https:\/\/chamanismoterapeutico.com\/#organization"},"potentialAction":[{"@type":"SearchAction","target":{"@type":"EntryPoint","urlTemplate":"https:\/\/chamanismoterapeutico.com\/?s={search_term_string}"},"query-input":{"@type":"PropertyValueSpecification","valueRequired":true,"valueName":"search_term_string"}}],"inLanguage":"es"},{"@type":"Organization","@id":"https:\/\/chamanismoterapeutico.com\/#organization","name":"Chamanismo Terap&eacute;utico","url":"https:\/\/chamanismoterapeutico.com\/","logo":{"@type":"ImageObject","inLanguage":"es","@id":"https:\/\/chamanismoterapeutico.com\/#\/schema\/logo\/image\/","url":"https:\/\/chamanismoterapeutico.com\/wp-content\/uploads\/2023\/05\/cropped-3.png","contentUrl":"https:\/\/chamanismoterapeutico.com\/wp-content\/uploads\/2023\/05\/cropped-3.png","width":500,"height":167,"caption":"Chamanismo Terap&eacute;utico "},"image":{"@id":"https:\/\/chamanismoterapeutico.com\/#\/schema\/logo\/image\/"}}]}},"uagb_featured_image_src":{"full":false,"thumbnail":false,"medium":false,"medium_large":false,"large":false,"1536x1536":false,"2048x2048":false},"uagb_author_info":{"display_name":"alvarolola","author_link":"https:\/\/chamanismoterapeutico.com\/index.php\/author\/admin\/"},"uagb_comment_info":0,"uagb_excerpt":"Si has llegado hasta aqu\u00ed es porque probablemente est\u00e1s valorando evolucionar aplicando el chamanismo en tu vida y en tu labor profesional con nuestros cursos y servicios. Si est\u00e1s intentando entrar, ver\u00e1s que no hay enlaces. Eso es porque nuestros cursos y servicios solo los ofrecemos a nuestra comunidad a trav\u00e9s de la lista de&hellip;","_links":{"self":[{"href":"https:\/\/chamanismoterapeutico.com\/index.php\/wp-json\/wp\/v2\/pages\/1326","targetHints":{"allow":["GET"]}}],"collection":[{"href":"https:\/\/chamanismoterapeutico.com\/index.php\/wp-json\/wp\/v2\/pages"}],"about":[{"href":"https:\/\/chamanismoterapeutico.com\/index.php\/wp-json\/wp\/v2\/types\/page"}],"author":[{"embeddable":true,"href":"https:\/\/chamanismoterapeutico.com\/index.php\/wp-json\/wp\/v2\/users\/1"}],"replies":[{"embeddable":true,"href":"https:\/\/chamanismoterapeutico.com\/index.php\/wp-json\/wp\/v2\/comments?post=1326"}],"version-history":[{"count":128,"href":"https:\/\/chamanismoterapeutico.com\/index.php\/wp-json\/wp\/v2\/pages\/1326\/revisions"}],"predecessor-version":[{"id":2354,"href":"https:\/\/chamanismoterapeutico.com\/index.php\/wp-json\/wp\/v2\/pages\/1326\/revisions\/2354"}],"wp:attachment":[{"href":"https:\/\/chamanismoterapeutico.com\/index.php\/wp-json\/wp\/v2\/media?parent=1326"}],"curies":[{"name":"wp","href":"https:\/\/api.w.org\/{rel}","templated":true}]}}