{"id":1322,"date":"2022-02-24T05:02:56","date_gmt":"2022-02-24T05:02:56","guid":{"rendered":"https:\/\/chamanismoterapeutico.com\/index.php\/home\/"},"modified":"2024-01-08T19:44:19","modified_gmt":"2024-01-08T19:44:19","slug":"home","status":"publish","type":"page","link":"https:\/\/chamanismoterapeutico.com\/","title":{"rendered":"Home"},"content":{"rendered":"\n<div class=\"wp-block-uagb-container uagb-block-e6e23383 alignfull uagb-is-root-container\"><div class=\"uagb-container-inner-blocks-wrap\">\n<div class=\"wp-block-uagb-container uagb-block-c6b287ad\"><\/div>\n\n\n\n<div class=\"wp-block-uagb-info-box uagb-block-0b18e774 uagb-infobox__content-wrap  uagb-infobox-icon-above-title uagb-infobox-image-valign-top\"><div class=\"uagb-ifb-content\"><div class=\"uagb-ifb-title-wrap\"><h3 class=\"uagb-ifb-title\"><strong>Descubre a tu cham\u00e1n interior para crear la vida y los proyectos que realmente deseas<\/strong>.<br><br><\/h3><\/div><p class=\"uagb-ifb-desc\"><strong>Si quieres recibir consejos para lograrlo suscr\u00edbete a nuestra lista de correo haciendo click aqu\u00ed abajo:<\/strong><\/p><div class=\"uagb-ifb-button-wrapper wp-block-button\"><a href=\"https:\/\/chamanismoterapeutico.ipzmarketing.com\/f\/uHRU-ep9sbE\" class=\"uagb-infobox-cta-link wp-block-button__link\" target=\"_blank\" rel=\"noopener noreferrer\" onclick=\"return true;\" alt=\"\"><span class=\"uagb-inline-editing\">Me suscribo<\/span><\/a><\/div><\/div><\/div>\n<\/div><\/div>\n\n\n\n<div class=\"wp-block-uagb-container uagb-block-8bb62736 alignfull uagb-is-root-container\"><div class=\"uagb-container-inner-blocks-wrap\">\n<h4 class=\"wp-block-heading has-ast-global-color-6-color has-text-color has-large-font-size\"><em><strong>Cham\u00e1n: El que sabe.<\/strong><\/em><\/h4>\n\n\n\n<div class=\"wp-block-uagb-advanced-heading uagb-block-f01ee599\"><h3 class=\"uagb-heading-text\"><em>Hombre o mujer que sabe c\u00f3mo conducir la energ\u00eda para la sanaci\u00f3n del cuerpo, mente y esp\u00edritu.<\/em><\/h3><\/div>\n\n\n\n<div style=\"height:30px\" aria-hidden=\"true\" class=\"wp-block-spacer\"><\/div>\n\n\n\n<h3 class=\"wp-block-heading\"><strong>Es momento de que reconozcas la sabidur\u00eda, luz y poder que habita dentro de ti.<\/strong><\/h3>\n\n\n\n<p class=\"has-medium-font-size\">Y no, no hace falta que te mudes a la selva o cambies tu forma de vestir (si no quieres). Tambi\u00e9n puedes ser un cham\u00e1n o chamana urbano, deportista, l\u00edder de tu negocio o lo que realmente quieras.<\/p>\n\n\n\n<p class=\"has-medium-font-size\">Porque TODAS las personas podemos <strong>activar nuestra sabidur\u00eda m\u00e1s profunda<\/strong> en alianza con la Madre Tierra y las fuerzas de la naturaleza.<\/p>\n\n\n\n<p class=\"has-medium-font-size\">Si quieres recibir consejos pr\u00e1cticos en tu correo para aplicar el chamanismo de manera pr\u00e1ctica y sencilla en tu d\u00eda a d\u00eda suscr\u00edbete aqu\u00ed:<\/p>\n\n\n\n<div style=\"height:30px\" aria-hidden=\"true\" class=\"wp-block-spacer\"><\/div>\n\n\n\n<div class=\"wp-block-columns are-vertically-aligned-center is-layout-flex wp-container-core-columns-is-layout-28f84493 wp-block-columns-is-layout-flex\">\n<div class=\"wp-block-column is-vertically-aligned-center is-layout-flow wp-block-column-is-layout-flow\" style=\"flex-basis:33.34%\">\n<div class=\"wp-block-uagb-container uagb-block-6526ec59\">\n<div class=\"wp-block-uagb-container uagb-block-1117587d\">\n<div class=\"wp-block-uagb-container uagb-block-96870716\">\n<div class=\"wp-block-uagb-container uagb-block-d0613e84\">\n<div class=\"inherit-container-width wp-block-group is-layout-constrained wp-block-group-is-layout-constrained\">\n<div class=\"wp-block-uagb-container uagb-block-8597032a\"><\/div>\n<\/div>\n<\/div>\n<\/div>\n<\/div>\n<\/div>\n<\/div>\n\n\n\n<div class=\"wp-block-column is-vertically-aligned-center is-layout-flow wp-block-column-is-layout-flow\" style=\"flex-basis:33.34%\">\n<form class=\"formulario\" id=\"new_subscriber\" action=\"https:\/\/chamanismoterapeutico.ipzmarketing.com\/f\/uHRU-ep9sbE\" accept-charset=\"UTF-8\" method=\"post\">\n \n   \n    <div class=\"form-group email required subscriber_email\">\n<label class=\"textocaja\" for=\"subscriber_email\">\n<abbr title=\"Requerido\"> <\/abbr><\/label><input class=\"entradamail\" required=\"required\" aria-required=\"true\" placeholder=\"Tu correo\" type=\"email\" name=\"subscriber[email]\" id=\"subscriber_email\"><\/div>\n   \n   \n   \n<div class=\"form-group boolean required subscriber_subscribed_with_acceptance\"><div class=\"checkbox\"><input value=\"0\" type=\"hidden\" name=\"subscriber[subscribed_with_acceptance]\"><label class=\"boolean required\" for=\"subscriber_subscribed_with_acceptance\"><input class=\"boolean required\" required=\"required\" aria-required=\"true\" type=\"checkbox\" value=\"1\" name=\"subscriber[subscribed_with_acceptance]\" id=\"subscriber_subscribed_with_acceptance\"><abbr title=\"Requerido\"> <\/abbr> <span\">Acepta la <a href=\"https:\/\/chamanismoterapeutico.com\/index.php\/politica-de-privacidad\/\" target=\"_blank\" rel=\"noopener\"><span style=\"color:#1bae70;\">pol\u00edtica de privacidad<\/span><\/a><\/span\"><\/label><\/div><\/div>\n  <input type=\"text\" name=\"anotheremail\" id=\"anotheremail\" style=\"position: absolute; left: -5000px\" tabindex=\"-1\" autocomplete=\"new-password\">\n  <div class=\"campos\">\n    <input type=\"submit\" name=\"commit\" value=\"\u00a1Me uno!\" class=\"enviar\" data-disable-with=\"Procesando\">\n  <\/div>\n<\/form>\n<\/div>\n\n\n\n<div class=\"wp-block-column is-vertically-aligned-center is-layout-flow wp-block-column-is-layout-flow\" style=\"flex-basis:33.33%\"><\/div>\n<\/div>\n\n\n\n<div class=\"wp-block-buttons is-content-justification-center is-layout-flex wp-container-core-buttons-is-layout-a89b3969 wp-block-buttons-is-layout-flex\"><\/div>\n<\/div><\/div>\n\n\n\n<div class=\"wp-block-uagb-container uagb-block-862b330b alignfull uagb-is-root-container\"><div class=\"uagb-container-inner-blocks-wrap\">\n<div class=\"wp-block-uagb-container uagb-block-bb17e3d7\">\n<h3 class=\"wp-block-heading\" style=\"font-size:25px\"><strong>Somos \u00c1lvaro Madaune y Lola Hern\u00e1ndez, fundadores de Chamanismo Terap\u00e9utico y facilitadores de los Ritos de Munay Ki y Medicina Energ\u00e9tica Cham\u00e1nica.<\/strong><\/h3>\n<\/div>\n\n\n\n<div class=\"wp-block-uagb-container uagb-block-61b323c8\">\n<div class=\"wp-block-uagb-image uagb-block-daa4d417 wp-block-uagb-image--layout-default wp-block-uagb-image--effect-static wp-block-uagb-image--align-none\"><figure class=\"wp-block-uagb-image__figure\"><img decoding=\"async\" srcset=\"https:\/\/chamanismoterapeutico.com\/wp-content\/uploads\/2023\/02\/pexels-pixabay-235674-1024x683.jpg \" sizes=\"auto, (max-width: 480px) 150px\" src=\"https:\/\/chamanismoterapeutico.com\/wp-content\/uploads\/2023\/02\/pexels-pixabay-235674-1024x683.jpg\" alt=\"t\u00f3tem del jaguar\" class=\"uag-image-51\" width=\"1024\" height=\"683\" title=\"\" loading=\"lazy\"\/><\/figure><\/div>\n<\/div>\n<\/div><\/div>\n\n\n\n<div class=\"wp-block-uagb-container uagb-block-ecd808ad alignfull uagb-is-root-container\"><div class=\"uagb-container-inner-blocks-wrap\">\n<h2 class=\"wp-block-heading\"><strong>Te contamos una historia r\u00e1pida, pero antes te hacemos una pregunta.<\/strong><\/h2>\n\n\n\n<p class=\"has-medium-font-size\">\u00bfQu\u00e9 pueden tener en com\u00fan un hombre chileno y una mujer espa\u00f1ola adem\u00e1s de una profunda conexi\u00f3n con la sabidur\u00eda ancestral de los pueblos originarios de Latinoam\u00e9rica cada uno por su historia?<\/p>\n\n\n\n<p class=\"has-medium-font-size\"><strong>Vamos a ser breves con la respuesta.<\/strong><\/p>\n\n\n\n<p class=\"has-medium-font-size\">Y es la certeza de que si aplicas en tu d\u00eda a d\u00eda los conocimientos ancestrales que los chamanes han transmitido durante miles de a\u00f1os, realmente puedes crear la vida, la salud, las relaciones y los proyectos que deseas.<\/p>\n\n\n\n<p class=\"has-medium-font-size\">Adem\u00e1s de expandir tu verdadero poder, sabidur\u00eda y luz al mundo.&nbsp;<\/p>\n\n\n\n<p class=\"has-medium-font-size\">Por eso estamos aqu\u00ed para acompa\u00f1arte a descubrir a tu cham\u00e1n y chamana interior y que pongas al servicio de tu vida y tu prop\u00f3sito tus verdaderos dones.<\/p>\n\n\n\n<p class=\"has-medium-font-size\">Esto no va de convertirte en otra persona o dejar de ser quien eres.<\/p>\n\n\n\n<p class=\"has-medium-font-size\">Va de que realmente puedas aplicar las t\u00e9cnicas cham\u00e1nicas en tu d\u00eda a d\u00eda desde tu autenticidad para crear la vida y los proyectos que deseas as\u00ed como ayudar a m\u00e1s personas a lograrlo gracias al chamanismo.<\/p>\n<\/div><\/div>\n\n\n\n<div class=\"wp-block-uagb-container uagb-block-035a62b8 alignfull uagb-is-root-container\"><div class=\"uagb-container-inner-blocks-wrap\">\n<div class=\"wp-block-uagb-container uagb-block-a2041b38\">\n<p class=\"has-medium-font-size\">Si est\u00e1s aqu\u00ed es porque probablemente est\u00e1s en un momento de transformaci\u00f3n y sientas el llamado de la Madre Tierra para empezar a trabajar en equipo con ella y con las fuerzas de la naturaleza.<\/p>\n\n\n\n<p class=\"has-medium-font-size\">Tambi\u00e9n es probable que tu intuici\u00f3n te haya tra\u00eddo hasta aqu\u00ed y que sea dif\u00edcil de explicar con la mente racional por qu\u00e9 sientes esa curiosidad y ganas de aprender sobre chamanismo.<\/p>\n<\/div>\n\n\n\n<div class=\"wp-block-uagb-container uagb-block-1487b6ac\">\n<div class=\"wp-block-uagb-image uagb-block-6b3f99d2 wp-block-uagb-image--layout-default wp-block-uagb-image--effect-static wp-block-uagb-image--align-none\"><figure class=\"wp-block-uagb-image__figure\"><img decoding=\"async\" srcset=\"https:\/\/chamanismoterapeutico.com\/wp-content\/uploads\/2023\/02\/pexels-tom-fisk-14628998-scaled.jpg \" sizes=\"auto, (max-width: 480px) 150px\" src=\"https:\/\/chamanismoterapeutico.com\/wp-content\/uploads\/2023\/02\/pexels-tom-fisk-14628998-scaled.jpg\" alt=\"t\u00f3tem del \u00e1guila \" class=\"uag-image-48\" width=\"2560\" height=\"1707\" title=\"\" loading=\"lazy\"\/><\/figure><\/div>\n<\/div>\n<\/div><\/div>\n\n\n\n<div class=\"wp-block-uagb-container uagb-block-a4849dce alignfull uagb-is-root-container\"><div class=\"uagb-container-inner-blocks-wrap\">\n<p class=\"has-medium-font-size\">Puede que en tu entorno o c\u00edrculo m\u00e1s cercano seas o hayas sido el <em>raro o la rara<\/em>, que te llamen <em>m\u00edstico<\/em> o que directamente te digan que est\u00e1s cambiando y ya no eres la misma persona que conocieron.<\/p>\n\n\n\n<p class=\"has-medium-font-size\">Quiz\u00e1 est\u00e9s en un momento de transici\u00f3n profesional o te dedicas a acompa\u00f1ar a m\u00e1s personas como profesional de la salud, psicolog\u00eda, educaci\u00f3n, coaching o terapia y quieres aprender c\u00f3mo elevar tu profesi\u00f3n a otro nivel gracias a la sabidur\u00eda cham\u00e1nica que hay dentro de ti.<\/p>\n\n\n\n<p class=\"has-medium-font-size\">Y puede que sientas o hayas sentido miedo al juicio o al rechazo si muestras tu verdadera esencia y compartes tus dones de sanaci\u00f3n cham\u00e1nica. Aunque es muy probable que dentro de ti sepas que es tu verdadero prop\u00f3sito y que es lo que has venido a hacer a este mundo.<\/p>\n\n\n\n<p class=\"has-medium-font-size\"><strong>Te damos la bienvenida y no te equivocas.<\/strong><\/p>\n\n\n\n<p class=\"has-medium-font-size\">Cuando te gu\u00edas por tu intuici\u00f3n y por el profundo llamado de tu ser para mostrarte tal y como eres y expandir a tu cham\u00e1n o chamana interior, tu vida cambia.<\/p>\n<\/div><\/div>\n\n\n\n<div class=\"wp-block-uagb-container uagb-block-1ed58b91 alignfull uagb-is-root-container\"><div class=\"uagb-container-inner-blocks-wrap\">\n<div class=\"wp-block-uagb-container uagb-block-bfa91ded\">\n<p class=\"has-medium-font-size\"><strong>Queremos proponerte algo.<\/strong><\/p>\n\n\n\n<p class=\"has-medium-font-size\">Al suscribirte a nuestra lista de correo recibir\u00e1s consejos e historias entretenidas para aplicar el chamanismo de manera pr\u00e1ctica y sencilla en tu d\u00eda a d\u00eda.<\/p>\n\n\n\n<p class=\"has-medium-font-size\">Adem\u00e1s recibir\u00e1s el Audio de regalo: <em><strong>C\u00f3mo hacer el ritual amaz\u00f3nico del ba\u00f1o de florecimiento.<\/strong><\/em><\/p>\n<\/div>\n\n\n\n<div class=\"wp-block-uagb-container uagb-block-00d1395b\">\n<div class=\"wp-block-uagb-image uagb-block-bec8011d wp-block-uagb-image--layout-default wp-block-uagb-image--effect-static wp-block-uagb-image--align-none\"><figure class=\"wp-block-uagb-image__figure\"><img decoding=\"async\" srcset=\"https:\/\/chamanismoterapeutico.com\/wp-content\/uploads\/2023\/02\/pexels-chris-f-2827104-1024x732.jpg \" sizes=\"auto, (max-width: 480px) 150px\" src=\"https:\/\/chamanismoterapeutico.com\/wp-content\/uploads\/2023\/02\/pexels-chris-f-2827104-1024x732.jpg\" alt=\"T\u00f3tem del colibr\u00ed\" class=\"uag-image-50\" width=\"1024\" height=\"732\" title=\"\" loading=\"lazy\"\/><\/figure><\/div>\n<\/div>\n<\/div><\/div>\n\n\n\n<div class=\"wp-block-uagb-container uagb-block-f34527b2 alignfull uagb-is-root-container\"><div class=\"uagb-container-inner-blocks-wrap\">\n<p class=\"has-medium-font-size\">Este ritual es transmitido por las maestras curanderas en la selva amaz\u00f3nica para la purificaci\u00f3n energ\u00e9tica, florecer tus intenciones y manifestar aquello que deseas.<\/p>\n\n\n\n<p class=\"has-medium-font-size\">Y te aseguramos que cuando empieces a aplicarlo comenzar\u00e1s a ver los resultados en tu vida porque por algo se llama ba\u00f1o de florecimiento.<\/p>\n\n\n\n<p class=\"has-medium-font-size\">Tambi\u00e9n es importante que sepas que en nuestra lista de correo tambi\u00e9n ofrecemos nuestros cursos, retiros y programas y te invitaremos a ser parte de nuestra comunidad. Si quieres probar y luego ves que no quieres estar puedes darte de baja en cualquier momento en un solo click.<\/p>\n\n\n\n<p class=\"has-medium-font-size\">Para entrar a esta curiosa lista donde aprender a aplicar la sabidur\u00eda cham\u00e1nica desde hoy mismo es aqu\u00ed:<\/p>\n<\/div><\/div>\n\n\n\n<div class=\"wp-block-uagb-container uagb-block-03e2173a alignfull uagb-is-root-container\"><div class=\"uagb-container-inner-blocks-wrap\">\n<div class=\"wp-block-uagb-info-box uagb-block-e4ae16c8 uagb-infobox__content-wrap  uagb-infobox-icon-above-title uagb-infobox-image-valign-top\"><div class=\"uagb-ifb-content\"><div class=\"uagb-ifb-title-wrap\"><p class=\"uagb-ifb-title\"><mark style=\"background-color:rgba(0, 0, 0, 0)\" class=\"has-inline-color has-ast-global-color-6-color\">Suscr\u00edbete<\/mark><\/p><\/div><div class=\"uagb-ifb-button-wrapper wp-block-button\"><a href=\"https:\/\/chamanismoterapeutico.ipzmarketing.com\/f\/uHRU-ep9sbE\" class=\"uagb-infobox-cta-link wp-block-button__link\" target=\"_blank\" rel=\"noopener noreferrer\" onclick=\"return true;\" alt=\"\"><span class=\"uagb-inline-editing\">Me uno<\/span><\/a><\/div><\/div><\/div>\n<\/div><\/div>\n","protected":false},"excerpt":{"rendered":"<p>Cham\u00e1n: El que sabe. Hombre o mujer que sabe c\u00f3mo conducir la energ\u00eda para la sanaci\u00f3n del cuerpo, mente y esp\u00edritu. Es momento de que reconozcas la sabidur\u00eda, luz y poder que habita dentro de ti. Y no, no hace falta que te mudes a la selva o cambies tu forma de vestir (si no &hellip;<\/p>\n<p class=\"read-more\"> <a class=\"\" href=\"https:\/\/chamanismoterapeutico.com\/\"> <span class=\"screen-reader-text\">Home<\/span> Leer m\u00e1s &raquo;<\/a><\/p>\n","protected":false},"author":1,"featured_media":0,"parent":0,"menu_order":0,"comment_status":"closed","ping_status":"closed","template":"","meta":{"_uag_custom_page_level_css":"","site-sidebar-layout":"no-sidebar","site-content-layout":"page-builder","ast-global-header-display":"","ast-banner-title-visibility":"","ast-main-header-display":"","ast-hfb-above-header-display":"","ast-hfb-below-header-display":"","ast-hfb-mobile-header-display":"","site-post-title":"disabled","ast-breadcrumbs-content":"","ast-featured-img":"disabled","footer-sml-layout":"","theme-transparent-header-meta":"enabled","adv-header-id-meta":"","stick-header-meta":"","header-above-stick-meta":"","header-main-stick-meta":"","header-below-stick-meta":"","footnotes":""},"class_list":["post-1322","page","type-page","status-publish","hentry"],"yoast_head":"<!-- This site is optimized with the Yoast SEO plugin v24.4 - https:\/\/yoast.com\/wordpress\/plugins\/seo\/ -->\n<title>Home - Chamanismo Terap&eacute;utico<\/title>\n<meta name=\"description\" content=\"Te damos la bienvenida a la Escuela de Ense\u00f1anza inici\u00e1tica cham\u00e1nica y los Ritos del Munay Ki para aplicar en tu vida y tu prop\u00f3sito.\" \/>\n<meta name=\"robots\" content=\"index, follow, max-snippet:-1, max-image-preview:large, max-video-preview:-1\" \/>\n<link rel=\"canonical\" href=\"https:\/\/chamanismoterapeutico.com\/\" \/>\n<meta property=\"og:locale\" content=\"es_ES\" \/>\n<meta property=\"og:type\" content=\"article\" \/>\n<meta property=\"og:title\" content=\"Home - Chamanismo Terap&eacute;utico\" \/>\n<meta property=\"og:description\" content=\"Te damos la bienvenida a la Escuela de Ense\u00f1anza inici\u00e1tica cham\u00e1nica y los Ritos del Munay Ki para aplicar en tu vida y tu prop\u00f3sito.\" \/>\n<meta property=\"og:url\" content=\"https:\/\/chamanismoterapeutico.com\/\" \/>\n<meta property=\"og:site_name\" content=\"Chamanismo Terap&eacute;utico\" \/>\n<meta property=\"article:modified_time\" content=\"2024-01-08T19:44:19+00:00\" \/>\n<meta property=\"og:image\" content=\"https:\/\/chamanismoterapeutico.com\/wp-content\/uploads\/2023\/02\/pexels-pixabay-235674-1024x683.jpg\" \/>\n<meta name=\"twitter:card\" content=\"summary_large_image\" \/>\n<meta name=\"twitter:label1\" content=\"Tiempo de lectura\" \/>\n\t<meta name=\"twitter:data1\" content=\"5 minutos\" \/>\n<script type=\"application\/ld+json\" class=\"yoast-schema-graph\">{\"@context\":\"https:\/\/schema.org\",\"@graph\":[{\"@type\":\"WebPage\",\"@id\":\"https:\/\/chamanismoterapeutico.com\/\",\"url\":\"https:\/\/chamanismoterapeutico.com\/\",\"name\":\"Home - Chamanismo Terap&eacute;utico\",\"isPartOf\":{\"@id\":\"https:\/\/chamanismoterapeutico.com\/#website\"},\"primaryImageOfPage\":{\"@id\":\"https:\/\/chamanismoterapeutico.com\/#primaryimage\"},\"image\":{\"@id\":\"https:\/\/chamanismoterapeutico.com\/#primaryimage\"},\"thumbnailUrl\":\"https:\/\/chamanismoterapeutico.com\/wp-content\/uploads\/2023\/02\/pexels-pixabay-235674-1024x683.jpg\",\"datePublished\":\"2022-02-24T05:02:56+00:00\",\"dateModified\":\"2024-01-08T19:44:19+00:00\",\"description\":\"Te damos la bienvenida a la Escuela de Ense\u00f1anza inici\u00e1tica cham\u00e1nica y los Ritos del Munay Ki para aplicar en tu vida y tu prop\u00f3sito.\",\"breadcrumb\":{\"@id\":\"https:\/\/chamanismoterapeutico.com\/#breadcrumb\"},\"inLanguage\":\"es\",\"potentialAction\":[{\"@type\":\"ReadAction\",\"target\":[\"https:\/\/chamanismoterapeutico.com\/\"]}]},{\"@type\":\"ImageObject\",\"inLanguage\":\"es\",\"@id\":\"https:\/\/chamanismoterapeutico.com\/#primaryimage\",\"url\":\"https:\/\/chamanismoterapeutico.com\/wp-content\/uploads\/2023\/02\/pexels-pixabay-235674-scaled.jpg\",\"contentUrl\":\"https:\/\/chamanismoterapeutico.com\/wp-content\/uploads\/2023\/02\/pexels-pixabay-235674-scaled.jpg\",\"width\":2560,\"height\":1707,\"caption\":\"t\u00f3tem del jaguar\"},{\"@type\":\"BreadcrumbList\",\"@id\":\"https:\/\/chamanismoterapeutico.com\/#breadcrumb\",\"itemListElement\":[{\"@type\":\"ListItem\",\"position\":1,\"name\":\"Portada\",\"item\":\"https:\/\/chamanismoterapeutico.com\/\"},{\"@type\":\"ListItem\",\"position\":2,\"name\":\"Home\"}]},{\"@type\":\"WebSite\",\"@id\":\"https:\/\/chamanismoterapeutico.com\/#website\",\"url\":\"https:\/\/chamanismoterapeutico.com\/\",\"name\":\"Chamanismo Terap&eacute;utico\",\"description\":\" Recuerda quien eres gracias a tu cham\u00e1n interior \",\"publisher\":{\"@id\":\"https:\/\/chamanismoterapeutico.com\/#organization\"},\"potentialAction\":[{\"@type\":\"SearchAction\",\"target\":{\"@type\":\"EntryPoint\",\"urlTemplate\":\"https:\/\/chamanismoterapeutico.com\/?s={search_term_string}\"},\"query-input\":{\"@type\":\"PropertyValueSpecification\",\"valueRequired\":true,\"valueName\":\"search_term_string\"}}],\"inLanguage\":\"es\"},{\"@type\":\"Organization\",\"@id\":\"https:\/\/chamanismoterapeutico.com\/#organization\",\"name\":\"Chamanismo Terap&eacute;utico\",\"url\":\"https:\/\/chamanismoterapeutico.com\/\",\"logo\":{\"@type\":\"ImageObject\",\"inLanguage\":\"es\",\"@id\":\"https:\/\/chamanismoterapeutico.com\/#\/schema\/logo\/image\/\",\"url\":\"https:\/\/chamanismoterapeutico.com\/wp-content\/uploads\/2023\/05\/cropped-3.png\",\"contentUrl\":\"https:\/\/chamanismoterapeutico.com\/wp-content\/uploads\/2023\/05\/cropped-3.png\",\"width\":500,\"height\":167,\"caption\":\"Chamanismo Terap&eacute;utico \"},\"image\":{\"@id\":\"https:\/\/chamanismoterapeutico.com\/#\/schema\/logo\/image\/\"}}]}<\/script>\n<!-- \/ Yoast SEO plugin. -->","yoast_head_json":{"title":"Home - Chamanismo Terap&eacute;utico","description":"Te damos la bienvenida a la Escuela de Ense\u00f1anza inici\u00e1tica cham\u00e1nica y los Ritos del Munay Ki para aplicar en tu vida y tu prop\u00f3sito.","robots":{"index":"index","follow":"follow","max-snippet":"max-snippet:-1","max-image-preview":"max-image-preview:large","max-video-preview":"max-video-preview:-1"},"canonical":"https:\/\/chamanismoterapeutico.com\/","og_locale":"es_ES","og_type":"article","og_title":"Home - Chamanismo Terap&eacute;utico","og_description":"Te damos la bienvenida a la Escuela de Ense\u00f1anza inici\u00e1tica cham\u00e1nica y los Ritos del Munay Ki para aplicar en tu vida y tu prop\u00f3sito.","og_url":"https:\/\/chamanismoterapeutico.com\/","og_site_name":"Chamanismo Terap&eacute;utico","article_modified_time":"2024-01-08T19:44:19+00:00","og_image":[{"url":"https:\/\/chamanismoterapeutico.com\/wp-content\/uploads\/2023\/02\/pexels-pixabay-235674-1024x683.jpg","type":"","width":"","height":""}],"twitter_card":"summary_large_image","twitter_misc":{"Tiempo de lectura":"5 minutos"},"schema":{"@context":"https:\/\/schema.org","@graph":[{"@type":"WebPage","@id":"https:\/\/chamanismoterapeutico.com\/","url":"https:\/\/chamanismoterapeutico.com\/","name":"Home - Chamanismo Terap&eacute;utico","isPartOf":{"@id":"https:\/\/chamanismoterapeutico.com\/#website"},"primaryImageOfPage":{"@id":"https:\/\/chamanismoterapeutico.com\/#primaryimage"},"image":{"@id":"https:\/\/chamanismoterapeutico.com\/#primaryimage"},"thumbnailUrl":"https:\/\/chamanismoterapeutico.com\/wp-content\/uploads\/2023\/02\/pexels-pixabay-235674-1024x683.jpg","datePublished":"2022-02-24T05:02:56+00:00","dateModified":"2024-01-08T19:44:19+00:00","description":"Te damos la bienvenida a la Escuela de Ense\u00f1anza inici\u00e1tica cham\u00e1nica y los Ritos del Munay Ki para aplicar en tu vida y tu prop\u00f3sito.","breadcrumb":{"@id":"https:\/\/chamanismoterapeutico.com\/#breadcrumb"},"inLanguage":"es","potentialAction":[{"@type":"ReadAction","target":["https:\/\/chamanismoterapeutico.com\/"]}]},{"@type":"ImageObject","inLanguage":"es","@id":"https:\/\/chamanismoterapeutico.com\/#primaryimage","url":"https:\/\/chamanismoterapeutico.com\/wp-content\/uploads\/2023\/02\/pexels-pixabay-235674-scaled.jpg","contentUrl":"https:\/\/chamanismoterapeutico.com\/wp-content\/uploads\/2023\/02\/pexels-pixabay-235674-scaled.jpg","width":2560,"height":1707,"caption":"t\u00f3tem del jaguar"},{"@type":"BreadcrumbList","@id":"https:\/\/chamanismoterapeutico.com\/#breadcrumb","itemListElement":[{"@type":"ListItem","position":1,"name":"Portada","item":"https:\/\/chamanismoterapeutico.com\/"},{"@type":"ListItem","position":2,"name":"Home"}]},{"@type":"WebSite","@id":"https:\/\/chamanismoterapeutico.com\/#website","url":"https:\/\/chamanismoterapeutico.com\/","name":"Chamanismo Terap&eacute;utico","description":" Recuerda quien eres gracias a tu cham\u00e1n interior ","publisher":{"@id":"https:\/\/chamanismoterapeutico.com\/#organization"},"potentialAction":[{"@type":"SearchAction","target":{"@type":"EntryPoint","urlTemplate":"https:\/\/chamanismoterapeutico.com\/?s={search_term_string}"},"query-input":{"@type":"PropertyValueSpecification","valueRequired":true,"valueName":"search_term_string"}}],"inLanguage":"es"},{"@type":"Organization","@id":"https:\/\/chamanismoterapeutico.com\/#organization","name":"Chamanismo Terap&eacute;utico","url":"https:\/\/chamanismoterapeutico.com\/","logo":{"@type":"ImageObject","inLanguage":"es","@id":"https:\/\/chamanismoterapeutico.com\/#\/schema\/logo\/image\/","url":"https:\/\/chamanismoterapeutico.com\/wp-content\/uploads\/2023\/05\/cropped-3.png","contentUrl":"https:\/\/chamanismoterapeutico.com\/wp-content\/uploads\/2023\/05\/cropped-3.png","width":500,"height":167,"caption":"Chamanismo Terap&eacute;utico "},"image":{"@id":"https:\/\/chamanismoterapeutico.com\/#\/schema\/logo\/image\/"}}]}},"uagb_featured_image_src":{"full":false,"thumbnail":false,"medium":false,"medium_large":false,"large":false,"1536x1536":false,"2048x2048":false},"uagb_author_info":{"display_name":"alvarolola","author_link":"https:\/\/chamanismoterapeutico.com\/index.php\/author\/admin\/"},"uagb_comment_info":0,"uagb_excerpt":"Cham\u00e1n: El que sabe. Hombre o mujer que sabe c\u00f3mo conducir la energ\u00eda para la sanaci\u00f3n del cuerpo, mente y esp\u00edritu. Es momento de que reconozcas la sabidur\u00eda, luz y poder que habita dentro de ti. Y no, no hace falta que te mudes a la selva o cambies tu forma de vestir (si no&hellip;","_links":{"self":[{"href":"https:\/\/chamanismoterapeutico.com\/index.php\/wp-json\/wp\/v2\/pages\/1322","targetHints":{"allow":["GET"]}}],"collection":[{"href":"https:\/\/chamanismoterapeutico.com\/index.php\/wp-json\/wp\/v2\/pages"}],"about":[{"href":"https:\/\/chamanismoterapeutico.com\/index.php\/wp-json\/wp\/v2\/types\/page"}],"author":[{"embeddable":true,"href":"https:\/\/chamanismoterapeutico.com\/index.php\/wp-json\/wp\/v2\/users\/1"}],"replies":[{"embeddable":true,"href":"https:\/\/chamanismoterapeutico.com\/index.php\/wp-json\/wp\/v2\/comments?post=1322"}],"version-history":[{"count":163,"href":"https:\/\/chamanismoterapeutico.com\/index.php\/wp-json\/wp\/v2\/pages\/1322\/revisions"}],"predecessor-version":[{"id":2679,"href":"https:\/\/chamanismoterapeutico.com\/index.php\/wp-json\/wp\/v2\/pages\/1322\/revisions\/2679"}],"wp:attachment":[{"href":"https:\/\/chamanismoterapeutico.com\/index.php\/wp-json\/wp\/v2\/media?parent=1322"}],"curies":[{"name":"wp","href":"https:\/\/api.w.org\/{rel}","templated":true}]}}